




{"id":489,"date":"2014-09-30T11:36:41","date_gmt":"2014-09-30T10:36:41","guid":{"rendered":"http:\/\/baluchon092014.thinkup.fr\/site\/?page_id=489"},"modified":"2021-01-27T11:24:57","modified_gmt":"2021-01-27T10:24:57","slug":"credits","status":"publish","type":"page","link":"http:\/\/baluchon.fr\/site\/credits\/","title":{"rendered":"Cr\u00e9dits"},"content":{"rendered":"<p>Ce site est la propri\u00e9t\u00e9 de Baluchon &#8211; A table citoyens<br \/>\nSi\u00e8ge social : 37 rue Madeleine Odru 93230 Romainville<br \/>\nT\u00e9l\u00e9phone :\u00a001 72 59 61 54<br \/>\nSIRET : 80746931700018<\/p>\n<p><strong>Propri\u00e9t\u00e9 et responsabilit\u00e9 \u00e9ditoriale<\/strong> : Baluchon &#8211; A table citoyens<\/p>\n<p>Cr\u00e9ation et R\u00e9alisation du site :<br \/>\nTHINK UP &#8211; Agence de communication<br \/>\n294 Avenue Dampierre<br \/>\nF-59300 Valenciennes<br \/>\nt\u00e9l\u00e9phone :\u00a003 27 49 40 06<br \/>\n<a href=\"contact@thinkup.f\">contact@thinkup.fr<\/a><br \/>\n<a title=\"Agence de communication THINK UP\" href=\"http:\/\/www.thinkup.fr\/\" target=\"_blank\" rel=\"noopener\">http:\/\/www.thinkup.fr<\/a><\/p>\n<p><strong>Conditions d\u2019utilisation du site internet<\/strong><br \/>\nLe site Internet de Baluchon &#8211; A table citoyens est un service de communication gratuit. Les informations contenues sur le site Internet sont non contractuelles et peuvent faire l\u2019objet de modifications sans pr\u00e9avis.<br \/>\nL\u2019ensemble des \u00e9l\u00e9ments pr\u00e9sents sur le site ainsi que le site lui m\u00eame sont prot\u00e9g\u00e9s par la l\u00e9gislation sur le droit d\u2019auteur. Vous ne pouvez en aucun cas utiliser, distribuer, copier, reproduire, modifier, d\u00e9naturer ou transmettre le site ou des \u00e9l\u00e9ments du site tels que textes, images, sans l\u2019autorisation \u00e9crite pr\u00e9alable de Baluchon &#8211; A Table citoyens. Les marques et logos figurant sur le site sont la propri\u00e9t\u00e9 de Baluchon &#8211; A Table citoyens ou font l\u2019objet d\u2019une autorisation d\u2019utilisation. Aucun droit ou licence ne saurait \u00eatre attribu\u00e9 sur l\u2019un quelconque de ces \u00e9l\u00e9ments sans l\u2019autorisation \u00e9crite de Baluchon &#8211; A Table citoyens ou du tiers, d\u00e9tenteur des droits sur la marque ou logo figurant sur le site. Baluchon &#8211; A Table citoyens \u00a0se r\u00e9serve le droit de poursuivre toute action de contrefa\u00e7on de ses droits de propri\u00e9t\u00e9 intellectuelle, y compris dans le cadre d\u2019une action p\u00e9nale.<\/p>\n<p><strong>Respect des images<\/strong><br \/>\nLes images ou photographies des personnes ou de lieux figurant sur le site sont la propri\u00e9t\u00e9 de Baluchon &#8211; A Table citoyens \u00a0et\/ou sont utilis\u00e9es par de Baluchon &#8211; A Table citoyens \u00a0avec l\u2019accord des titulaires des droits. L\u2019utilisation de ces images ou photographies est interdite sans autorisation sp\u00e9cifique et \u00e9crite de Baluchon &#8211; A Table citoyens . Toute utilisation non autoris\u00e9e peut entra\u00eener une violation des droits d\u2019auteur, des droits \u00e0 l\u2019image, des droits des personnes ou de toutes autres r\u00e9glementations applicables aux communications ou \u00e0 la publicit\u00e9.<\/p>\n<p><strong>Donn\u00e9es personnelles<\/strong><br \/>\nCe site Web est en cours de d\u00e9claration aupr\u00e8s de la Commission Nationale Informatique et Libert\u00e9s (CNIL).<\/p>\n<p>Loi informatique et Libert\u00e9s<br \/>\nLes informations recueillies ci-dessus font l&rsquo;objet d&rsquo;un traitement informatique et sont utilis\u00e9es \u00e0 des fins de gestion et de prospection commerciale par \u00c0 table citoyens, pour traiter vos demandes et pour vous adresser des correspondances personnalis\u00e9es\u00a0 sur ses\u00a0services.<br \/>\nElles ne seront pas communiqu\u00e9es \u00e0 des partenaires commerciaux.<\/p>\n<p>Conform\u00e9ment \u00e0 la loi informatique et libert\u00e9s du 6 janvier 1978, modifi\u00e9e en 2004, vous b\u00e9n\u00e9ficiez d&rsquo;un droit d&rsquo;acc\u00e8s et de rectification aux informations qui vous concernent. Vous pouvez exercer ce droit en vous adressant par courrier \u00e0 A table citoyen!<\/p>\n<p>de Baluchon &#8211; A Table citoyens \u2013 37, rue Madeleine Odru &#8211; 93230 Romainville.<br \/>\nVous pouvez \u00e9galement, pour des motifs l\u00e9gitimes, vous opposer au traitement des donn\u00e9es vous concernant.<\/p>\n","protected":false},"excerpt":{"rendered":"<p>Ce site est la propri\u00e9t\u00e9 de Baluchon &#8211; A table citoyens Si\u00e8ge social : 37 rue Madeleine Odru 93230 Romainville T\u00e9l\u00e9phone :\u00a001 72 59 61 54 SIRET : 80746931700018 Propri\u00e9t\u00e9 et responsabilit\u00e9 \u00e9ditoriale : Baluchon &#8211; A table citoyens Cr\u00e9ation et R\u00e9alisation du site : THINK UP &#8211; Agence de communication 294 Avenue Dampierre F-59300 [&hellip;]<\/p>\n","protected":false},"author":8,"featured_media":0,"parent":0,"menu_order":0,"comment_status":"open","ping_status":"open","template":"page-templates\/credits.php","meta":[],"_links":{"self":[{"href":"http:\/\/baluchon.fr\/site\/wp-json\/wp\/v2\/pages\/489"}],"collection":[{"href":"http:\/\/baluchon.fr\/site\/wp-json\/wp\/v2\/pages"}],"about":[{"href":"http:\/\/baluchon.fr\/site\/wp-json\/wp\/v2\/types\/page"}],"author":[{"embeddable":true,"href":"http:\/\/baluchon.fr\/site\/wp-json\/wp\/v2\/users\/8"}],"replies":[{"embeddable":true,"href":"http:\/\/baluchon.fr\/site\/wp-json\/wp\/v2\/comments?post=489"}],"version-history":[{"count":9,"href":"http:\/\/baluchon.fr\/site\/wp-json\/wp\/v2\/pages\/489\/revisions"}],"predecessor-version":[{"id":1043,"href":"http:\/\/baluchon.fr\/site\/wp-json\/wp\/v2\/pages\/489\/revisions\/1043"}],"wp:attachment":[{"href":"http:\/\/baluchon.fr\/site\/wp-json\/wp\/v2\/media?parent=489"}],"curies":[{"name":"wp","href":"https:\/\/api.w.org\/{rel}","templated":true}]}}